{"id":5120,"date":"2024-07-05T13:06:05","date_gmt":"2024-07-05T13:06:05","guid":{"rendered":"https:\/\/lapalmaisland.com\/de\/?page_id=5120"},"modified":"2025-04-21T16:05:41","modified_gmt":"2025-04-21T16:05:41","slug":"beste-restaurants-la-palma","status":"publish","type":"page","link":"https:\/\/lapalmaisland.com\/de\/beste-restaurants-la-palma\/","title":{"rendered":"Essen auf La Palma"},"content":{"rendered":"\n<p class=\"has-text-align-center\">La Palma ist nicht nur ein unverzichtbares Reiseziel wegen ihrer Landschaften und Str\u00e4nde, sondern auch ein au\u00dfergew\u00f6hnlicher Ort, um eine reiche kulinarische Tradition zu erkunden, die Lokales mit Internationalem verbindet. Von Restaurants auf der <a href=\"https:\/\/lapalmaisland.com\/de\/\">Insel La Palma<\/a> bis hin zu charmanten Ecken mit Meerblick bietet die Insel unz\u00e4hlige M\u00f6glichkeiten, gut zu essen auf La Palma, und macht jede Mahlzeit zu einem unvergesslichen Erlebnis.<\/p>\n\n\n\n<div class=\"wp-block-columns is-layout-flex wp-container-core-columns-is-layout-28f84493 wp-block-columns-is-layout-flex\">\n<div class=\"wp-block-column is-layout-flow wp-block-column-is-layout-flow\">\n<div class=\"wp-block-columns is-layout-flex wp-container-core-columns-is-layout-28f84493 wp-block-columns-is-layout-flex\">\n<div class=\"wp-block-column is-layout-flow wp-block-column-is-layout-flow\">\n<h2 class=\"wp-block-heading has-text-align-center has-ast-global-color-4-color has-ast-global-color-2-background-color has-text-color has-background has-link-color wp-elements-9b663695d6b08e69a06b57a67232c34d\" style=\"padding-top:var(--wp--preset--spacing--30);padding-bottom:var(--wp--preset--spacing--30)\">Besten Restaurants auf La Palma<\/h2>\n\n\n<div class='pt-cv-wrapper'> <div class=\"pt-cv-view pt-cv-blockgrid iscvblock iscvreal grid1 layout1\" id=\"pt-cv-view-s0s07ega\"><div data-id=\"pt-cv-page-1\" class=\"pt-cv-page\" data-cvc=\"3\"><div class=\" pt-cv-content-item pt-cv-1-col\" ><div class=\"pt-cv-thumb-wrapper  \"><a href=\"https:\/\/lapalmaisland.com\/de\/hispano-exquisiteces\/\" class=\"_self pt-cv-href-thumbnail pt-cv-thumb-default\" target=\"_self\" ><img loading=\"lazy\" decoding=\"async\" width=\"768\" height=\"375\" src=\"https:\/\/lapalmaisland.com\/de\/wp-content\/uploads\/sites\/2\/2024\/07\/hispano-exquisiteces-768x375.webp\" class=\"pt-cv-thumbnail\" alt=\"hispano exquisiteces tapas essen in santa cruz de la palma\" \/><\/a><\/div>\n<h4 class=\"pt-cv-title\"><a href=\"https:\/\/lapalmaisland.com\/de\/hispano-exquisiteces\/\" class=\"_self\" target=\"_self\" >Hispano Exquisiteces: Aperitifs und Schinken<\/a><\/h4>\n<div class=\"pt-cv-content\">Genie\u00dfen Sie Tapas in Santa Cruz de La Palma: Frische Zutaten, gem\u00fctliche Atmosph\u00e4re, traditionelle Aromen &#8230;<\/div><\/div>\n<div class=\" pt-cv-content-item pt-cv-1-col\" ><div class=\"pt-cv-thumb-wrapper  \"><a href=\"https:\/\/lapalmaisland.com\/de\/restaurant-el-casino\/\" class=\"_self pt-cv-href-thumbnail pt-cv-thumb-default\" target=\"_self\" ><img loading=\"lazy\" decoding=\"async\" width=\"768\" height=\"375\" src=\"https:\/\/lapalmaisland.com\/de\/wp-content\/uploads\/sites\/2\/2024\/07\/RESTAURANT-EL-CASINO-SANTA-CRUZ-DE-LA-PALMA-768x375.webp\" class=\"pt-cv-thumbnail\" alt=\"logo el casino la palma\" \/><\/a><\/div>\n<h4 class=\"pt-cv-title\"><a href=\"https:\/\/lapalmaisland.com\/de\/restaurant-el-casino\/\" class=\"_self\" target=\"_self\" >Restaurant und Brunch El Casino<\/a><\/h4>\n<div class=\"pt-cv-content\">Entdecken Sie Restaurants in Santa Cruz de La Palma: Restaurant El Casino bietet kreative Gerichte und lokalen Wein &#8230;<\/div><\/div>\n<div class=\" pt-cv-content-item pt-cv-1-col\" ><div class=\"pt-cv-thumb-wrapper  \"><a href=\"https:\/\/lapalmaisland.com\/de\/gastrobar-duende-del-fuego-la-palma\/\" class=\"_self pt-cv-href-thumbnail pt-cv-thumb-default\" target=\"_self\" ><img loading=\"lazy\" decoding=\"async\" width=\"768\" height=\"375\" src=\"https:\/\/lapalmaisland.com\/de\/wp-content\/uploads\/sites\/2\/2024\/07\/el-duende-del-fuego-la-palma-restaurant-768x375.webp\" class=\"pt-cv-thumbnail\" alt=\"restaurant el duende del fuego\" \/><\/a><\/div>\n<h4 class=\"pt-cv-title\"><a href=\"https:\/\/lapalmaisland.com\/de\/gastrobar-duende-del-fuego-la-palma\/\" class=\"_self\" target=\"_self\" >El Duende del Fuego Gastrobar<\/a><\/h4>\n<div class=\"pt-cv-content\">El Duende del Fuego: Genie\u00dfen Sie originelle Gerichte in einem charmanten Ambiente, ideal f\u00fcr besondere kulinarische Erlebnisse &#8230;<\/div><\/div>\n<div class=\" pt-cv-content-item pt-cv-1-col\" ><div class=\"pt-cv-thumb-wrapper  \"><a href=\"https:\/\/lapalmaisland.com\/de\/casa-goyo-fischkiosk\/\" class=\"_self pt-cv-href-thumbnail pt-cv-thumb-default\" target=\"_self\" ><img loading=\"lazy\" decoding=\"async\" width=\"768\" height=\"375\" src=\"https:\/\/lapalmaisland.com\/de\/wp-content\/uploads\/sites\/2\/2024\/07\/casa-goyo-fischkiosk-768x375.jpg\" class=\"pt-cv-thumbnail\" alt=\"casa goyo la palma\" \/><\/a><\/div>\n<h4 class=\"pt-cv-title\"><a href=\"https:\/\/lapalmaisland.com\/de\/casa-goyo-fischkiosk\/\" class=\"_self\" target=\"_self\" >Casa Goyo Fischkiosk<\/a><\/h4>\n<div class=\"pt-cv-content\">Casa Goyo: Erleben Sie k\u00f6stliche Meeresfr\u00fcchte in einem charmanten Restaurant mit malerischen, privaten Speiser\u00e4umen und Meerblick &#8230;<\/div><\/div>\n<div class=\" pt-cv-content-item pt-cv-1-col\" ><div class=\"pt-cv-thumb-wrapper  \"><a href=\"https:\/\/lapalmaisland.com\/de\/la-lonja-restaurant-santa-cruz-de-la-palma\/\" class=\"_self pt-cv-href-thumbnail pt-cv-thumb-default\" target=\"_self\" ><img loading=\"lazy\" decoding=\"async\" width=\"768\" height=\"375\" src=\"https:\/\/lapalmaisland.com\/de\/wp-content\/uploads\/sites\/2\/2024\/07\/restaurant-la-lonja-la-palma-768x375.webp\" class=\"pt-cv-thumbnail\" alt=\"la lonja restaurant\" \/><\/a><\/div>\n<h4 class=\"pt-cv-title\"><a href=\"https:\/\/lapalmaisland.com\/de\/la-lonja-restaurant-santa-cruz-de-la-palma\/\" class=\"_self\" target=\"_self\" >La Lonja Restaurant<\/a><\/h4>\n<div class=\"pt-cv-content\">Restaurant Santa Cruz de La Palma: k\u00f6stliche internationale K\u00fcche, romantische Atmosph\u00e4re und beeindruckende Ausblicke f\u00fcr ein einzigartiges kulinarisches Erlebnis &#8230;<\/div><\/div>\n<div class=\" pt-cv-content-item pt-cv-1-col\" ><div class=\"pt-cv-thumb-wrapper  \"><a href=\"https:\/\/lapalmaisland.com\/de\/tres-chimeneas-restaurant\/\" class=\"_self pt-cv-href-thumbnail pt-cv-thumb-default\" target=\"_self\" ><img loading=\"lazy\" decoding=\"async\" width=\"768\" height=\"375\" src=\"https:\/\/lapalmaisland.com\/de\/wp-content\/uploads\/sites\/2\/2024\/07\/3-chimeneas-restaurant-768x375.webp\" class=\"pt-cv-thumbnail\" alt=\"restaurant bre\u00f1a alta la palma\" \/><\/a><\/div>\n<h4 class=\"pt-cv-title\"><a href=\"https:\/\/lapalmaisland.com\/de\/tres-chimeneas-restaurant\/\" class=\"_self\" target=\"_self\" >Restaurant Tres Chimeneas<\/a><\/h4>\n<div class=\"pt-cv-content\">Restaurant Tres Chimeneas: Entspannen Sie in einem idyllischen Garten, w\u00e4hrend Sie k\u00f6stliche, glutenfreie und vegane Optionen genie\u00dfen. Perfekt f\u00fcr besondere &#8230;<\/div><\/div><\/div><\/div> <\/div> <style>\n\n#pt-cv-view-s0s07ega .pt-cv-meta-fields {  }#pt-cv-view-s0s07ega .pt-cv-meta-fields * { font-size: 13px; }#pt-cv-view-s0s07ega .pt-cv-thumb-wrapper:not(.miniwrap) {  }#pt-cv-view-s0s07ega .pt-cv-thumbnail:not(.pt-cv-thumbnailsm) { height: 250px; }#pt-cv-view-s0s07ega .pt-cv-title a { display: block; }#pt-cv-view-s0s07ega .pt-cv-title:not(.pt-cv-titlesm) a { font-weight: 600;text-decoration: none;font-size: 20px; }#pt-cv-view-s0s07ega .pt-cv-titlesm a { font-weight: 600;font-size: 18px; }#pt-cv-view-s0s07ega .pt-cv-content { font-size: 15px; }#pt-cv-view-s0s07ega .pt-cv-rmwrap {  }#pt-cv-view-s0s07ega .pt-cv-readmore { color: #fff;background-color: #0075ff;font-size: 14px; }#pt-cv-view-s0s07ega .pt-cv-taxoterm {  }#pt-cv-view-s0s07ega .pt-cv-taxoterm * { color: #222;background-color: #fff6f6;font-size: 14px; }#pt-cv-view-s0s07ega + .pt-cv-pagination-wrapper {  }#pt-cv-view-s0s07ega + .pt-cv-pagination-wrapper a { font-size: 14px; }#pt-cv-view-s0s07ega > .pt-cv-page {grid-template-columns: repeat(3, 1fr);grid-gap: 20px;}\n@media all and (max-width: 1024px) { \n#pt-cv-view-s0s07ega > .pt-cv-page {}\n} \n@media all and (max-width: 767px) { \n#pt-cv-view-s0s07ega > .pt-cv-page {grid-template-columns: repeat(1, 1fr);}\n} <\/style><\/div>\n<\/div>\n\n\n\n<div style=\"height:20px\" aria-hidden=\"true\" class=\"wp-block-spacer\"><\/div>\n\n\n\n<h2 class=\"wp-block-heading has-text-align-center has-ast-global-color-4-color has-ast-global-color-2-background-color has-text-color has-background has-link-color wp-elements-52da0c32ae48a107b71b1505bc70765e\" style=\"padding-top:var(--wp--preset--spacing--30);padding-bottom:var(--wp--preset--spacing--30)\">Gastronomisches Angebot von La Palma<\/h2>\n\n\n\n<p>Die Isla Bonita zeichnet sich durch eine <a href=\"https:\/\/lapalmaisland.com\/de\/la-palma-geschichte\/\">reiche Geschichte<\/a> von Auswanderungen und Verschmelzungen von Traditionen aus, besonders <strong>venezolanische und kubanische<\/strong> Einfl\u00fcsse, die sich deutlich in ihrem vielf\u00e4ltigen gastronomischen Angebot widerspiegeln. Die Restaurants auf La Palma <strong>reichen von preiswerten Optionen bis hin zu gehobenen kulinarischen Erlebnissen und erf\u00fcllen alle Arten von Geschm\u00e4ckern und Budgets<\/strong>.<\/p>\n\n\n\n<p>F\u00fcr diejenigen, die auf La Palma zu Mittag oder zu Abend essen m\u00f6chten, ist die Auswahl gro\u00df. Von internationalen Restaurants, die exquisite Fusionsk\u00fcche anbieten, bis hin zu Pizzerien und zeitgen\u00f6ssischen Gastrobars bringt jeder Ort seinen eigenen Charme und Spezialit\u00e4ten mit. Besucher, die g\u00fcnstig essen auf La Palma m\u00f6chten, finden zahlreiche Alternativen, die ein ausgezeichnetes Preis-Leistungs-Verh\u00e4ltnis bieten, wie zum Beispiel Areperas, Grillh\u00e4user und Kioske.<\/p>\n\n\n\n<p>Im <strong><a href=\"https:\/\/lapalmaisland.com\/de\/santa-cruz-de-la-palma-altstadt\/\">historischen Zentrum von Santa Cruz de La Palma<\/a> und Los Llanos de Aridane kann man sich an der Speisen in bezaubernden Innenh\u00f6fen der typischen kanarischen H\u00e4user <\/strong>erfreuen, wo Geschichte und lokale Kultur sp\u00fcrbar sind. Andererseits kann man im Norden der Insel, fernab der touristischeren Gegenden, die besten Ziegenfleischgerichte und die traditionellsten Rezepte der palmerischen K\u00fcche finden. Liebhaber von Meeresfr\u00fcchten haben zahlreiche M\u00f6glichkeiten, frischen Fisch zu essen, wobei stets die Frische und Qualit\u00e4t des lokalen Produkts garantiert sind. Dar\u00fcber hinaus gibt es f\u00fcr ein vollst\u00e4ndiges gastronomisches Erlebnis zahlreiche Optionen f\u00fcr Tapas auf La Palma, die es erm\u00f6glichen, kleine K\u00f6stlichkeiten in entspannter Atmosph\u00e4re zu genie\u00dfen.<\/p>\n<\/div>\n<\/div>\n","protected":false},"excerpt":{"rendered":"<p>La Palma ist nicht nur ein unverzichtbares Reiseziel wegen ihrer Landschaften und Str\u00e4nde, sondern auch ein au\u00dfergew\u00f6hnlicher Ort, um eine reiche kulinarische Tradition zu erkunden, die Lokales mit Internationalem verbindet. Von Restaurants auf der Insel La Palma bis hin zu charmanten Ecken mit Meerblick bietet die Insel unz\u00e4hlige M\u00f6glichkeiten, gut zu essen auf La Palma, [&hellip;]<\/p>\n","protected":false},"author":1,"featured_media":5220,"parent":0,"menu_order":0,"comment_status":"closed","ping_status":"closed","template":"","meta":{"_uag_custom_page_level_css":"","site-sidebar-layout":"default","site-content-layout":"","ast-site-content-layout":"default","site-content-style":"default","site-sidebar-style":"default","ast-global-header-display":"","ast-banner-title-visibility":"","ast-main-header-display":"","ast-hfb-above-header-display":"","ast-hfb-below-header-display":"","ast-hfb-mobile-header-display":"","site-post-title":"","ast-breadcrumbs-content":"","ast-featured-img":"disabled","footer-sml-layout":"","ast-disable-related-posts":"","theme-transparent-header-meta":"","adv-header-id-meta":"","stick-header-meta":"","header-above-stick-meta":"","header-main-stick-meta":"","header-below-stick-meta":"","astra-migrate-meta-layouts":"set","ast-page-background-enabled":"default","ast-page-background-meta":{"desktop":{"background-color":"var(--ast-global-color-4)","background-image":"","background-repeat":"repeat","background-position":"center center","background-size":"auto","background-attachment":"scroll","background-type":"","background-media":"","overlay-type":"","overlay-color":"","overlay-opacity":"","overlay-gradient":""},"tablet":{"background-color":"","background-image":"","background-repeat":"repeat","background-position":"center center","background-size":"auto","background-attachment":"scroll","background-type":"","background-media":"","overlay-type":"","overlay-color":"","overlay-opacity":"","overlay-gradient":""},"mobile":{"background-color":"","background-image":"","background-repeat":"repeat","background-position":"center center","background-size":"auto","background-attachment":"scroll","background-type":"","background-media":"","overlay-type":"","overlay-color":"","overlay-opacity":"","overlay-gradient":""}},"ast-content-background-meta":{"desktop":{"background-color":"var(--ast-global-color-5)","background-image":"","background-repeat":"repeat","background-position":"center center","background-size":"auto","background-attachment":"scroll","background-type":"","background-media":"","overlay-type":"","overlay-color":"","overlay-opacity":"","overlay-gradient":""},"tablet":{"background-color":"var(--ast-global-color-5)","background-image":"","background-repeat":"repeat","background-position":"center center","background-size":"auto","background-attachment":"scroll","background-type":"","background-media":"","overlay-type":"","overlay-color":"","overlay-opacity":"","overlay-gradient":""},"mobile":{"background-color":"var(--ast-global-color-5)","background-image":"","background-repeat":"repeat","background-position":"center center","background-size":"auto","background-attachment":"scroll","background-type":"","background-media":"","overlay-type":"","overlay-color":"","overlay-opacity":"","overlay-gradient":""}},"_mc_calendar":[],"footnotes":""},"class_list":["post-5120","page","type-page","status-publish","has-post-thumbnail","hentry"],"yoast_head":"<!-- This site is optimized with the Yoast SEO plugin v27.4 - https:\/\/yoast.com\/product\/yoast-seo-wordpress\/ -->\n<title>La Palma BESTE RESTAURANTS<\/title>\n<meta name=\"description\" content=\"Beste Restaurants La Palma: Vielf\u00e4ltige kulinarische Erlebnisse, von Tapas bis Fusionsk\u00fcche, in einzigartiger kanarischer Atmosph\u00e4re.\" \/>\n<meta name=\"robots\" content=\"index, follow, max-snippet:-1, max-image-preview:large, max-video-preview:-1\" \/>\n<link rel=\"canonical\" href=\"https:\/\/lapalmaisland.com\/de\/beste-restaurants-la-palma\/\" \/>\n<meta property=\"og:locale\" content=\"de_DE\" \/>\n<meta property=\"og:type\" content=\"article\" \/>\n<meta property=\"og:title\" content=\"La Palma BESTE RESTAURANTS\" \/>\n<meta property=\"og:description\" content=\"Beste Restaurants La Palma: Vielf\u00e4ltige kulinarische Erlebnisse, von Tapas bis Fusionsk\u00fcche, in einzigartiger kanarischer Atmosph\u00e4re.\" \/>\n<meta property=\"og:url\" content=\"https:\/\/lapalmaisland.com\/de\/beste-restaurants-la-palma\/\" \/>\n<meta property=\"og:site_name\" content=\"La Palma Insel\" \/>\n<meta property=\"article:modified_time\" content=\"2025-04-21T16:05:41+00:00\" \/>\n<meta property=\"og:image\" content=\"https:\/\/lapalmaisland.com\/de\/wp-content\/uploads\/sites\/2\/2024\/07\/essen-auf-la-palma-besten-restaurants.webp\" \/>\n\t<meta property=\"og:image:width\" content=\"330\" \/>\n\t<meta property=\"og:image:height\" content=\"330\" \/>\n\t<meta property=\"og:image:type\" content=\"image\/webp\" \/>\n<meta name=\"twitter:card\" content=\"summary_large_image\" \/>\n<meta name=\"twitter:label1\" content=\"Gesch\u00e4tzte Lesezeit\" \/>\n\t<meta name=\"twitter:data1\" content=\"2\u00a0Minuten\" \/>\n<script type=\"application\/ld+json\" class=\"yoast-schema-graph\">{\"@context\":\"https:\\\/\\\/schema.org\",\"@graph\":[{\"@type\":\"WebPage\",\"@id\":\"https:\\\/\\\/lapalmaisland.com\\\/de\\\/beste-restaurants-la-palma\\\/\",\"url\":\"https:\\\/\\\/lapalmaisland.com\\\/de\\\/beste-restaurants-la-palma\\\/\",\"name\":\"La Palma BESTE RESTAURANTS\",\"isPartOf\":{\"@id\":\"https:\\\/\\\/lapalmaisland.com\\\/de\\\/#website\"},\"primaryImageOfPage\":{\"@id\":\"https:\\\/\\\/lapalmaisland.com\\\/de\\\/beste-restaurants-la-palma\\\/#primaryimage\"},\"image\":{\"@id\":\"https:\\\/\\\/lapalmaisland.com\\\/de\\\/beste-restaurants-la-palma\\\/#primaryimage\"},\"thumbnailUrl\":\"https:\\\/\\\/lapalmaisland.com\\\/de\\\/wp-content\\\/uploads\\\/sites\\\/2\\\/2024\\\/07\\\/essen-auf-la-palma-besten-restaurants.webp\",\"datePublished\":\"2024-07-05T13:06:05+00:00\",\"dateModified\":\"2025-04-21T16:05:41+00:00\",\"description\":\"Beste Restaurants La Palma: Vielf\u00e4ltige kulinarische Erlebnisse, von Tapas bis Fusionsk\u00fcche, in einzigartiger kanarischer Atmosph\u00e4re.\",\"breadcrumb\":{\"@id\":\"https:\\\/\\\/lapalmaisland.com\\\/de\\\/beste-restaurants-la-palma\\\/#breadcrumb\"},\"inLanguage\":\"de\",\"potentialAction\":[{\"@type\":\"ReadAction\",\"target\":[\"https:\\\/\\\/lapalmaisland.com\\\/de\\\/beste-restaurants-la-palma\\\/\"]}]},{\"@type\":\"ImageObject\",\"inLanguage\":\"de\",\"@id\":\"https:\\\/\\\/lapalmaisland.com\\\/de\\\/beste-restaurants-la-palma\\\/#primaryimage\",\"url\":\"https:\\\/\\\/lapalmaisland.com\\\/de\\\/wp-content\\\/uploads\\\/sites\\\/2\\\/2024\\\/07\\\/essen-auf-la-palma-besten-restaurants.webp\",\"contentUrl\":\"https:\\\/\\\/lapalmaisland.com\\\/de\\\/wp-content\\\/uploads\\\/sites\\\/2\\\/2024\\\/07\\\/essen-auf-la-palma-besten-restaurants.webp\",\"width\":330,\"height\":330,\"caption\":\"wo essen auf la palma\"},{\"@type\":\"BreadcrumbList\",\"@id\":\"https:\\\/\\\/lapalmaisland.com\\\/de\\\/beste-restaurants-la-palma\\\/#breadcrumb\",\"itemListElement\":[{\"@type\":\"ListItem\",\"position\":1,\"name\":\"Portada\",\"item\":\"https:\\\/\\\/lapalmaisland.com\\\/de\\\/\"},{\"@type\":\"ListItem\",\"position\":2,\"name\":\"Essen auf La Palma\"}]},{\"@type\":\"WebSite\",\"@id\":\"https:\\\/\\\/lapalmaisland.com\\\/de\\\/#website\",\"url\":\"https:\\\/\\\/lapalmaisland.com\\\/de\\\/\",\"name\":\"La Palma Insel\",\"description\":\"Entdecken Sie die faszinierende Insel La Palma: aktuelle Informationen, Reisef\u00fchrer und Aktivit\u00e4ten f\u00fcr ein unvergessliches Erlebnis.\",\"publisher\":{\"@id\":\"https:\\\/\\\/lapalmaisland.com\\\/de\\\/#organization\"},\"alternateName\":\"Die Sh\u00f6ne Insel\",\"potentialAction\":[{\"@type\":\"SearchAction\",\"target\":{\"@type\":\"EntryPoint\",\"urlTemplate\":\"https:\\\/\\\/lapalmaisland.com\\\/de\\\/?s={search_term_string}\"},\"query-input\":{\"@type\":\"PropertyValueSpecification\",\"valueRequired\":true,\"valueName\":\"search_term_string\"}}],\"inLanguage\":\"de\"},{\"@type\":\"Organization\",\"@id\":\"https:\\\/\\\/lapalmaisland.com\\\/de\\\/#organization\",\"name\":\"La Palma Insel\",\"url\":\"https:\\\/\\\/lapalmaisland.com\\\/de\\\/\",\"logo\":{\"@type\":\"ImageObject\",\"inLanguage\":\"de\",\"@id\":\"https:\\\/\\\/lapalmaisland.com\\\/de\\\/#\\\/schema\\\/logo\\\/image\\\/\",\"url\":\"https:\\\/\\\/lapalmaisland.com\\\/de\\\/wp-content\\\/uploads\\\/sites\\\/2\\\/2023\\\/08\\\/cropped-cropped-La-palma-island.png\",\"contentUrl\":\"https:\\\/\\\/lapalmaisland.com\\\/de\\\/wp-content\\\/uploads\\\/sites\\\/2\\\/2023\\\/08\\\/cropped-cropped-La-palma-island.png\",\"width\":180,\"height\":60,\"caption\":\"La Palma Insel\"},\"image\":{\"@id\":\"https:\\\/\\\/lapalmaisland.com\\\/de\\\/#\\\/schema\\\/logo\\\/image\\\/\"}}]}<\/script>\n<!-- \/ Yoast SEO plugin. -->","yoast_head_json":{"title":"La Palma BESTE RESTAURANTS","description":"Beste Restaurants La Palma: Vielf\u00e4ltige kulinarische Erlebnisse, von Tapas bis Fusionsk\u00fcche, in einzigartiger kanarischer Atmosph\u00e4re.","robots":{"index":"index","follow":"follow","max-snippet":"max-snippet:-1","max-image-preview":"max-image-preview:large","max-video-preview":"max-video-preview:-1"},"canonical":"https:\/\/lapalmaisland.com\/de\/beste-restaurants-la-palma\/","og_locale":"de_DE","og_type":"article","og_title":"La Palma BESTE RESTAURANTS","og_description":"Beste Restaurants La Palma: Vielf\u00e4ltige kulinarische Erlebnisse, von Tapas bis Fusionsk\u00fcche, in einzigartiger kanarischer Atmosph\u00e4re.","og_url":"https:\/\/lapalmaisland.com\/de\/beste-restaurants-la-palma\/","og_site_name":"La Palma Insel","article_modified_time":"2025-04-21T16:05:41+00:00","og_image":[{"width":330,"height":330,"url":"https:\/\/lapalmaisland.com\/de\/wp-content\/uploads\/sites\/2\/2024\/07\/essen-auf-la-palma-besten-restaurants.webp","type":"image\/webp"}],"twitter_card":"summary_large_image","twitter_misc":{"Gesch\u00e4tzte Lesezeit":"2\u00a0Minuten"},"schema":{"@context":"https:\/\/schema.org","@graph":[{"@type":"WebPage","@id":"https:\/\/lapalmaisland.com\/de\/beste-restaurants-la-palma\/","url":"https:\/\/lapalmaisland.com\/de\/beste-restaurants-la-palma\/","name":"La Palma BESTE RESTAURANTS","isPartOf":{"@id":"https:\/\/lapalmaisland.com\/de\/#website"},"primaryImageOfPage":{"@id":"https:\/\/lapalmaisland.com\/de\/beste-restaurants-la-palma\/#primaryimage"},"image":{"@id":"https:\/\/lapalmaisland.com\/de\/beste-restaurants-la-palma\/#primaryimage"},"thumbnailUrl":"https:\/\/lapalmaisland.com\/de\/wp-content\/uploads\/sites\/2\/2024\/07\/essen-auf-la-palma-besten-restaurants.webp","datePublished":"2024-07-05T13:06:05+00:00","dateModified":"2025-04-21T16:05:41+00:00","description":"Beste Restaurants La Palma: Vielf\u00e4ltige kulinarische Erlebnisse, von Tapas bis Fusionsk\u00fcche, in einzigartiger kanarischer Atmosph\u00e4re.","breadcrumb":{"@id":"https:\/\/lapalmaisland.com\/de\/beste-restaurants-la-palma\/#breadcrumb"},"inLanguage":"de","potentialAction":[{"@type":"ReadAction","target":["https:\/\/lapalmaisland.com\/de\/beste-restaurants-la-palma\/"]}]},{"@type":"ImageObject","inLanguage":"de","@id":"https:\/\/lapalmaisland.com\/de\/beste-restaurants-la-palma\/#primaryimage","url":"https:\/\/lapalmaisland.com\/de\/wp-content\/uploads\/sites\/2\/2024\/07\/essen-auf-la-palma-besten-restaurants.webp","contentUrl":"https:\/\/lapalmaisland.com\/de\/wp-content\/uploads\/sites\/2\/2024\/07\/essen-auf-la-palma-besten-restaurants.webp","width":330,"height":330,"caption":"wo essen auf la palma"},{"@type":"BreadcrumbList","@id":"https:\/\/lapalmaisland.com\/de\/beste-restaurants-la-palma\/#breadcrumb","itemListElement":[{"@type":"ListItem","position":1,"name":"Portada","item":"https:\/\/lapalmaisland.com\/de\/"},{"@type":"ListItem","position":2,"name":"Essen auf La Palma"}]},{"@type":"WebSite","@id":"https:\/\/lapalmaisland.com\/de\/#website","url":"https:\/\/lapalmaisland.com\/de\/","name":"La Palma Insel","description":"Entdecken Sie die faszinierende Insel La Palma: aktuelle Informationen, Reisef\u00fchrer und Aktivit\u00e4ten f\u00fcr ein unvergessliches Erlebnis.","publisher":{"@id":"https:\/\/lapalmaisland.com\/de\/#organization"},"alternateName":"Die Sh\u00f6ne Insel","potentialAction":[{"@type":"SearchAction","target":{"@type":"EntryPoint","urlTemplate":"https:\/\/lapalmaisland.com\/de\/?s={search_term_string}"},"query-input":{"@type":"PropertyValueSpecification","valueRequired":true,"valueName":"search_term_string"}}],"inLanguage":"de"},{"@type":"Organization","@id":"https:\/\/lapalmaisland.com\/de\/#organization","name":"La Palma Insel","url":"https:\/\/lapalmaisland.com\/de\/","logo":{"@type":"ImageObject","inLanguage":"de","@id":"https:\/\/lapalmaisland.com\/de\/#\/schema\/logo\/image\/","url":"https:\/\/lapalmaisland.com\/de\/wp-content\/uploads\/sites\/2\/2023\/08\/cropped-cropped-La-palma-island.png","contentUrl":"https:\/\/lapalmaisland.com\/de\/wp-content\/uploads\/sites\/2\/2023\/08\/cropped-cropped-La-palma-island.png","width":180,"height":60,"caption":"La Palma Insel"},"image":{"@id":"https:\/\/lapalmaisland.com\/de\/#\/schema\/logo\/image\/"}}]}},"uagb_featured_image_src":{"full":["https:\/\/lapalmaisland.com\/de\/wp-content\/uploads\/sites\/2\/2024\/07\/essen-auf-la-palma-besten-restaurants.webp",330,330,false],"thumbnail":["https:\/\/lapalmaisland.com\/de\/wp-content\/uploads\/sites\/2\/2024\/07\/essen-auf-la-palma-besten-restaurants-150x150.webp",150,150,true],"medium":["https:\/\/lapalmaisland.com\/de\/wp-content\/uploads\/sites\/2\/2024\/07\/essen-auf-la-palma-besten-restaurants-300x300.webp",300,300,true],"medium_large":["https:\/\/lapalmaisland.com\/de\/wp-content\/uploads\/sites\/2\/2024\/07\/essen-auf-la-palma-besten-restaurants.webp",330,330,false],"large":["https:\/\/lapalmaisland.com\/de\/wp-content\/uploads\/sites\/2\/2024\/07\/essen-auf-la-palma-besten-restaurants.webp",330,330,false],"1536x1536":["https:\/\/lapalmaisland.com\/de\/wp-content\/uploads\/sites\/2\/2024\/07\/essen-auf-la-palma-besten-restaurants.webp",330,330,false],"2048x2048":["https:\/\/lapalmaisland.com\/de\/wp-content\/uploads\/sites\/2\/2024\/07\/essen-auf-la-palma-besten-restaurants.webp",330,330,false]},"uagb_author_info":{"display_name":"La Palma island","author_link":"https:\/\/lapalmaisland.com\/de\/author\/alewebtenerife\/"},"uagb_comment_info":0,"uagb_excerpt":"La Palma ist nicht nur ein unverzichtbares Reiseziel wegen ihrer Landschaften und Str\u00e4nde, sondern auch ein au\u00dfergew\u00f6hnlicher Ort, um eine reiche kulinarische Tradition zu erkunden, die Lokales mit Internationalem verbindet. Von Restaurants auf der Insel La Palma bis hin zu charmanten Ecken mit Meerblick bietet die Insel unz\u00e4hlige M\u00f6glichkeiten, gut zu essen auf La Palma,&hellip;","_links":{"self":[{"href":"https:\/\/lapalmaisland.com\/de\/wp-json\/wp\/v2\/pages\/5120","targetHints":{"allow":["GET"]}}],"collection":[{"href":"https:\/\/lapalmaisland.com\/de\/wp-json\/wp\/v2\/pages"}],"about":[{"href":"https:\/\/lapalmaisland.com\/de\/wp-json\/wp\/v2\/types\/page"}],"author":[{"embeddable":true,"href":"https:\/\/lapalmaisland.com\/de\/wp-json\/wp\/v2\/users\/1"}],"replies":[{"embeddable":true,"href":"https:\/\/lapalmaisland.com\/de\/wp-json\/wp\/v2\/comments?post=5120"}],"version-history":[{"count":3,"href":"https:\/\/lapalmaisland.com\/de\/wp-json\/wp\/v2\/pages\/5120\/revisions"}],"predecessor-version":[{"id":5302,"href":"https:\/\/lapalmaisland.com\/de\/wp-json\/wp\/v2\/pages\/5120\/revisions\/5302"}],"wp:featuredmedia":[{"embeddable":true,"href":"https:\/\/lapalmaisland.com\/de\/wp-json\/wp\/v2\/media\/5220"}],"wp:attachment":[{"href":"https:\/\/lapalmaisland.com\/de\/wp-json\/wp\/v2\/media?parent=5120"}],"curies":[{"name":"wp","href":"https:\/\/api.w.org\/{rel}","templated":true}]}}