{"id":7610,"date":"2025-03-08T14:02:45","date_gmt":"2025-03-08T14:02:45","guid":{"rendered":"https:\/\/lapalmaisland.com\/de\/?page_id=7610"},"modified":"2025-03-08T14:06:23","modified_gmt":"2025-03-08T14:06:23","slug":"taxi-transfer-la-palma","status":"publish","type":"page","link":"https:\/\/lapalmaisland.com\/de\/taxi-transfer-la-palma\/","title":{"rendered":"Taxi Transfer La Palma"},"content":{"rendered":"\n<div class=\"wp-block-columns is-layout-flex wp-container-core-columns-is-layout-28f84493 wp-block-columns-is-layout-flex\">\n<div class=\"wp-block-column is-layout-flow wp-block-column-is-layout-flow\"><form id=\"solicitudTaxi\">\r\n    <input type=\"hidden\" id=\"tipo_servicio\" value=\"transfer\">\r\n    <input type=\"hidden\" id=\"tarifa_km\" value=\"\">\r\n    \r\n        \r\n    <!-- Paso 1: Fecha y Hora -->\r\n    <div class=\"campo-formulario\">\r\n        <label for=\"fecha\">\r\n            <span class=\"label-text\">\r\n                W\u00e4hle einen Tag:            <\/span>\r\n        <\/label>\r\n        <input type=\"text\" id=\"fecha\" placeholder=\"Datum ausw\u00e4hlen\" required>\r\n        <input type=\"hidden\" id=\"fecha_completa\" name=\"fecha_completa\" \/>\r\n    <\/div>\r\n\r\n            <div class=\"campo-formulario\">\r\n            <label for=\"hora\">\r\n                <span class=\"label-text\">Abholzeit:<\/span>\r\n            <\/label>\r\n            <input type=\"text\" id=\"hora\" placeholder=\"W\u00e4hle eine Uhrzeit\" required>\r\n        <\/div>\r\n    \r\n    <!-- Paso 2: N\u00famero de pasajeros -->\r\n    <div class=\"campo-formulario\">\r\n        <label for=\"pasajeros\">\r\n            <span class=\"label-text\">Anzahl der Passagiere:<\/span>\r\n        <\/label>\r\n        <div class=\"custom-number-input\">\r\n            <button type=\"button\" class=\"number-control\" id=\"decreasePasajeros\">-<\/button>\r\n            <input type=\"text\" \r\n                   id=\"pasajeros\" \r\n                   name=\"num_pasajeros\"\r\n                   pattern=\"[0-9]*\"\r\n                   inputmode=\"numeric\"\r\n                   readonly\r\n                   value=\"1\"\r\n                   min=\"1\" \r\n                   max=\"16\" \r\n                   required>\r\n            <button type=\"button\" class=\"number-control\" id=\"increasePasajeros\">+<\/button>\r\n        <\/div>\r\n    <\/div>\r\n    \r\n    <!-- Paso 3: Selecci\u00f3n de Isla -->\r\n    <div class=\"campo-formulario\">\r\n        <label for=\"isla\">\r\n            <span class=\"label-text\">W\u00e4hle eine Insel:<\/span>\r\n        <\/label>\r\n        <select id=\"isla\" name=\"isla\" required>\r\n            <option value=\"\">W\u00e4hle eine Insel<\/option>\r\n        <\/select>\r\n    <\/div>\r\n\r\n    <!-- Paso 4: Selecci\u00f3n de Municipio -->\r\n    <div class=\"campo-formulario\">\r\n        <label for=\"municipio\">\r\n            <span class=\"label-text\">Abfahrtsgemeinde<\/span>\r\n        <\/label>\r\n        <select id=\"municipio\" name=\"municipio\" required>\r\n            <option value=\"\">W\u00e4hle eine Gemeinde<\/option>\r\n        <\/select>\r\n    <\/div>\r\n    \r\n    <!-- Campo \"Desde\" (origen) -->\r\n    <div class=\"campo-formulario\">\r\n        <label for=\"direccion_origen\">\r\n            <span class=\"label-text\">Vollst\u00e4ndige Adresse<\/span>\r\n        <\/label>\r\n        <input type=\"text\" id=\"direccion_origen\" name=\"direccion_origen\" placeholder=\"Gib deine Startadresse ein oder aktiviere das K\u00e4stchen\" required>\r\n    <\/div>\r\n    \r\n    <!-- Opci\u00f3n de compartir ubicaci\u00f3n -->\r\n    <div class=\"campo-formulario ubicacion-alternativa\">\r\n        <label class=\"geoloc-label\">\r\n            Kennst du die Adresse nicht? Markiere das K\u00e4stchen, um deinen Standort mit dem Taxifahrer zu teilen.            <input type=\"checkbox\" id=\"compartirUbicacion\">\r\n        <\/label>\r\n    <\/div>\r\n\r\n    \r\n        \r\n                    <!-- Si NO hay destino predefinido, mostramos el campo normal -->\r\n            <div class=\"campo-formulario\" id=\"campo-destino\">\r\n                <label for=\"direccion_destino\">\r\n                    <span class=\"label-text\">Ziel<\/span>\r\n                <\/label>\r\n                <div class=\"destination-wrapper\">\r\n                    <input type=\"text\"\r\n                           id=\"direccion_destino\"\r\n                           name=\"direccion_destino\"\r\n                           placeholder=\"Gib dein Ziel ein\"\r\n                           value=\"\"\r\n                           required>\r\n                <\/div>\r\n\r\n                <div id=\"precio_estimado\" class=\"precio-estimado\" style=\"display: none;\">\r\n                    <p>Gesch\u00e4tzte Entfernung: <span id=\"distancia_calculada\">0<\/span> km<\/p>\r\n                    <p>Gesch\u00e4tzter Preis: \u20ac<span id=\"precio_calculado\">0<\/span><\/p>\r\n                <\/div>\r\n            <\/div>\r\n        \r\n        <!-- Campos hidden de fallback de coordenadas (para transfer) -->\r\n        <input type=\"hidden\" id=\"destino_lat\" value=\"\">\r\n        <input type=\"hidden\" id=\"destino_lng\" value=\"\">\r\n\r\n    \r\n    <!-- Bot\u00f3n de b\u00fasqueda -->\r\n    <div class=\"campo-formulario\">\r\n        <button type=\"button\" id=\"buscarTaxi\" onclick=\"buscarTaxistas()\">Taxi suchen<\/button>\r\n    <\/div>\r\n\r\n    <!-- Resultados -->\r\n    <div id=\"resultadoTotal\" style=\"display: none;\"><\/div>\r\n    <div id=\"taxistas\" style=\"display: none;\">\r\n        <p><b>Verf\u00fcgbare Taxifahrer:<\/b><\/p>\r\n        <div id=\"listaTaxistas\"><\/div>\r\n    <\/div>\r\n<\/form>\r\n\n<\/div>\n<\/div>\n","protected":false},"excerpt":{"rendered":"","protected":false},"author":1,"featured_media":0,"parent":0,"menu_order":0,"comment_status":"closed","ping_status":"closed","template":"","meta":{"_uag_custom_page_level_css":"","site-sidebar-layout":"default","site-content-layout":"","ast-site-content-layout":"default","site-content-style":"default","site-sidebar-style":"default","ast-global-header-display":"","ast-banner-title-visibility":"","ast-main-header-display":"","ast-hfb-above-header-display":"","ast-hfb-below-header-display":"","ast-hfb-mobile-header-display":"","site-post-title":"","ast-breadcrumbs-content":"","ast-featured-img":"","footer-sml-layout":"","ast-disable-related-posts":"","theme-transparent-header-meta":"","adv-header-id-meta":"","stick-header-meta":"","header-above-stick-meta":"","header-main-stick-meta":"","header-below-stick-meta":"","astra-migrate-meta-layouts":"set","ast-page-background-enabled":"default","ast-page-background-meta":{"desktop":{"background-color":"var(--ast-global-color-4)","background-image":"","background-repeat":"repeat","background-position":"center center","background-size":"auto","background-attachment":"scroll","background-type":"","background-media":"","overlay-type":"","overlay-color":"","overlay-opacity":"","overlay-gradient":""},"tablet":{"background-color":"","background-image":"","background-repeat":"repeat","background-position":"center center","background-size":"auto","background-attachment":"scroll","background-type":"","background-media":"","overlay-type":"","overlay-color":"","overlay-opacity":"","overlay-gradient":""},"mobile":{"background-color":"","background-image":"","background-repeat":"repeat","background-position":"center center","background-size":"auto","background-attachment":"scroll","background-type":"","background-media":"","overlay-type":"","overlay-color":"","overlay-opacity":"","overlay-gradient":""}},"ast-content-background-meta":{"desktop":{"background-color":"var(--ast-global-color-5)","background-image":"","background-repeat":"repeat","background-position":"center center","background-size":"auto","background-attachment":"scroll","background-type":"","background-media":"","overlay-type":"","overlay-color":"","overlay-opacity":"","overlay-gradient":""},"tablet":{"background-color":"var(--ast-global-color-5)","background-image":"","background-repeat":"repeat","background-position":"center center","background-size":"auto","background-attachment":"scroll","background-type":"","background-media":"","overlay-type":"","overlay-color":"","overlay-opacity":"","overlay-gradient":""},"mobile":{"background-color":"var(--ast-global-color-5)","background-image":"","background-repeat":"repeat","background-position":"center center","background-size":"auto","background-attachment":"scroll","background-type":"","background-media":"","overlay-type":"","overlay-color":"","overlay-opacity":"","overlay-gradient":""}},"_mc_calendar":[],"footnotes":""},"class_list":["post-7610","page","type-page","status-publish","hentry"],"yoast_head":"<!-- This site is optimized with the Yoast SEO plugin v27.4 - https:\/\/yoast.com\/product\/yoast-seo-wordpress\/ -->\n<title>Taxi Transfer La Palma - La Palma Insel<\/title>\n<meta name=\"robots\" content=\"index, follow, max-snippet:-1, max-image-preview:large, max-video-preview:-1\" \/>\n<link rel=\"canonical\" href=\"https:\/\/lapalmaisland.com\/de\/taxi-transfer-la-palma\/\" \/>\n<meta property=\"og:locale\" content=\"de_DE\" \/>\n<meta property=\"og:type\" content=\"article\" \/>\n<meta property=\"og:title\" content=\"Taxi Transfer La Palma - La Palma Insel\" \/>\n<meta property=\"og:url\" content=\"https:\/\/lapalmaisland.com\/de\/taxi-transfer-la-palma\/\" \/>\n<meta property=\"og:site_name\" content=\"La Palma Insel\" \/>\n<meta property=\"article:modified_time\" content=\"2025-03-08T14:06:23+00:00\" \/>\n<meta name=\"twitter:card\" content=\"summary_large_image\" \/>\n<meta name=\"twitter:label1\" content=\"Gesch\u00e4tzte Lesezeit\" \/>\n\t<meta name=\"twitter:data1\" content=\"1\u00a0Minute\" \/>\n<script type=\"application\/ld+json\" class=\"yoast-schema-graph\">{\"@context\":\"https:\\\/\\\/schema.org\",\"@graph\":[{\"@type\":\"WebPage\",\"@id\":\"https:\\\/\\\/lapalmaisland.com\\\/de\\\/taxi-transfer-la-palma\\\/\",\"url\":\"https:\\\/\\\/lapalmaisland.com\\\/de\\\/taxi-transfer-la-palma\\\/\",\"name\":\"Taxi Transfer La Palma - La Palma Insel\",\"isPartOf\":{\"@id\":\"https:\\\/\\\/lapalmaisland.com\\\/de\\\/#website\"},\"datePublished\":\"2025-03-08T14:02:45+00:00\",\"dateModified\":\"2025-03-08T14:06:23+00:00\",\"breadcrumb\":{\"@id\":\"https:\\\/\\\/lapalmaisland.com\\\/de\\\/taxi-transfer-la-palma\\\/#breadcrumb\"},\"inLanguage\":\"de\",\"potentialAction\":[{\"@type\":\"ReadAction\",\"target\":[\"https:\\\/\\\/lapalmaisland.com\\\/de\\\/taxi-transfer-la-palma\\\/\"]}]},{\"@type\":\"BreadcrumbList\",\"@id\":\"https:\\\/\\\/lapalmaisland.com\\\/de\\\/taxi-transfer-la-palma\\\/#breadcrumb\",\"itemListElement\":[{\"@type\":\"ListItem\",\"position\":1,\"name\":\"Portada\",\"item\":\"https:\\\/\\\/lapalmaisland.com\\\/de\\\/\"},{\"@type\":\"ListItem\",\"position\":2,\"name\":\"Taxi Transfer La Palma\"}]},{\"@type\":\"WebSite\",\"@id\":\"https:\\\/\\\/lapalmaisland.com\\\/de\\\/#website\",\"url\":\"https:\\\/\\\/lapalmaisland.com\\\/de\\\/\",\"name\":\"La Palma Insel\",\"description\":\"Entdecken Sie die faszinierende Insel La Palma: aktuelle Informationen, Reisef\u00fchrer und Aktivit\u00e4ten f\u00fcr ein unvergessliches Erlebnis.\",\"publisher\":{\"@id\":\"https:\\\/\\\/lapalmaisland.com\\\/de\\\/#organization\"},\"alternateName\":\"Die Sh\u00f6ne Insel\",\"potentialAction\":[{\"@type\":\"SearchAction\",\"target\":{\"@type\":\"EntryPoint\",\"urlTemplate\":\"https:\\\/\\\/lapalmaisland.com\\\/de\\\/?s={search_term_string}\"},\"query-input\":{\"@type\":\"PropertyValueSpecification\",\"valueRequired\":true,\"valueName\":\"search_term_string\"}}],\"inLanguage\":\"de\"},{\"@type\":\"Organization\",\"@id\":\"https:\\\/\\\/lapalmaisland.com\\\/de\\\/#organization\",\"name\":\"La Palma Insel\",\"url\":\"https:\\\/\\\/lapalmaisland.com\\\/de\\\/\",\"logo\":{\"@type\":\"ImageObject\",\"inLanguage\":\"de\",\"@id\":\"https:\\\/\\\/lapalmaisland.com\\\/de\\\/#\\\/schema\\\/logo\\\/image\\\/\",\"url\":\"https:\\\/\\\/lapalmaisland.com\\\/de\\\/wp-content\\\/uploads\\\/sites\\\/2\\\/2023\\\/08\\\/cropped-cropped-La-palma-island.png\",\"contentUrl\":\"https:\\\/\\\/lapalmaisland.com\\\/de\\\/wp-content\\\/uploads\\\/sites\\\/2\\\/2023\\\/08\\\/cropped-cropped-La-palma-island.png\",\"width\":180,\"height\":60,\"caption\":\"La Palma Insel\"},\"image\":{\"@id\":\"https:\\\/\\\/lapalmaisland.com\\\/de\\\/#\\\/schema\\\/logo\\\/image\\\/\"}}]}<\/script>\n<!-- \/ Yoast SEO plugin. -->","yoast_head_json":{"title":"Taxi Transfer La Palma - La Palma Insel","robots":{"index":"index","follow":"follow","max-snippet":"max-snippet:-1","max-image-preview":"max-image-preview:large","max-video-preview":"max-video-preview:-1"},"canonical":"https:\/\/lapalmaisland.com\/de\/taxi-transfer-la-palma\/","og_locale":"de_DE","og_type":"article","og_title":"Taxi Transfer La Palma - La Palma Insel","og_url":"https:\/\/lapalmaisland.com\/de\/taxi-transfer-la-palma\/","og_site_name":"La Palma Insel","article_modified_time":"2025-03-08T14:06:23+00:00","twitter_card":"summary_large_image","twitter_misc":{"Gesch\u00e4tzte Lesezeit":"1\u00a0Minute"},"schema":{"@context":"https:\/\/schema.org","@graph":[{"@type":"WebPage","@id":"https:\/\/lapalmaisland.com\/de\/taxi-transfer-la-palma\/","url":"https:\/\/lapalmaisland.com\/de\/taxi-transfer-la-palma\/","name":"Taxi Transfer La Palma - La Palma Insel","isPartOf":{"@id":"https:\/\/lapalmaisland.com\/de\/#website"},"datePublished":"2025-03-08T14:02:45+00:00","dateModified":"2025-03-08T14:06:23+00:00","breadcrumb":{"@id":"https:\/\/lapalmaisland.com\/de\/taxi-transfer-la-palma\/#breadcrumb"},"inLanguage":"de","potentialAction":[{"@type":"ReadAction","target":["https:\/\/lapalmaisland.com\/de\/taxi-transfer-la-palma\/"]}]},{"@type":"BreadcrumbList","@id":"https:\/\/lapalmaisland.com\/de\/taxi-transfer-la-palma\/#breadcrumb","itemListElement":[{"@type":"ListItem","position":1,"name":"Portada","item":"https:\/\/lapalmaisland.com\/de\/"},{"@type":"ListItem","position":2,"name":"Taxi Transfer La Palma"}]},{"@type":"WebSite","@id":"https:\/\/lapalmaisland.com\/de\/#website","url":"https:\/\/lapalmaisland.com\/de\/","name":"La Palma Insel","description":"Entdecken Sie die faszinierende Insel La Palma: aktuelle Informationen, Reisef\u00fchrer und Aktivit\u00e4ten f\u00fcr ein unvergessliches Erlebnis.","publisher":{"@id":"https:\/\/lapalmaisland.com\/de\/#organization"},"alternateName":"Die Sh\u00f6ne Insel","potentialAction":[{"@type":"SearchAction","target":{"@type":"EntryPoint","urlTemplate":"https:\/\/lapalmaisland.com\/de\/?s={search_term_string}"},"query-input":{"@type":"PropertyValueSpecification","valueRequired":true,"valueName":"search_term_string"}}],"inLanguage":"de"},{"@type":"Organization","@id":"https:\/\/lapalmaisland.com\/de\/#organization","name":"La Palma Insel","url":"https:\/\/lapalmaisland.com\/de\/","logo":{"@type":"ImageObject","inLanguage":"de","@id":"https:\/\/lapalmaisland.com\/de\/#\/schema\/logo\/image\/","url":"https:\/\/lapalmaisland.com\/de\/wp-content\/uploads\/sites\/2\/2023\/08\/cropped-cropped-La-palma-island.png","contentUrl":"https:\/\/lapalmaisland.com\/de\/wp-content\/uploads\/sites\/2\/2023\/08\/cropped-cropped-La-palma-island.png","width":180,"height":60,"caption":"La Palma Insel"},"image":{"@id":"https:\/\/lapalmaisland.com\/de\/#\/schema\/logo\/image\/"}}]}},"uagb_featured_image_src":{"full":false,"thumbnail":false,"medium":false,"medium_large":false,"large":false,"1536x1536":false,"2048x2048":false},"uagb_author_info":{"display_name":"La Palma island","author_link":"https:\/\/lapalmaisland.com\/de\/author\/alewebtenerife\/"},"uagb_comment_info":0,"uagb_excerpt":null,"_links":{"self":[{"href":"https:\/\/lapalmaisland.com\/de\/wp-json\/wp\/v2\/pages\/7610","targetHints":{"allow":["GET"]}}],"collection":[{"href":"https:\/\/lapalmaisland.com\/de\/wp-json\/wp\/v2\/pages"}],"about":[{"href":"https:\/\/lapalmaisland.com\/de\/wp-json\/wp\/v2\/types\/page"}],"author":[{"embeddable":true,"href":"https:\/\/lapalmaisland.com\/de\/wp-json\/wp\/v2\/users\/1"}],"replies":[{"embeddable":true,"href":"https:\/\/lapalmaisland.com\/de\/wp-json\/wp\/v2\/comments?post=7610"}],"version-history":[{"count":1,"href":"https:\/\/lapalmaisland.com\/de\/wp-json\/wp\/v2\/pages\/7610\/revisions"}],"predecessor-version":[{"id":7611,"href":"https:\/\/lapalmaisland.com\/de\/wp-json\/wp\/v2\/pages\/7610\/revisions\/7611"}],"wp:attachment":[{"href":"https:\/\/lapalmaisland.com\/de\/wp-json\/wp\/v2\/media?parent=7610"}],"curies":[{"name":"wp","href":"https:\/\/api.w.org\/{rel}","templated":true}]}}