{"id":4769,"date":"2025-03-08T14:06:08","date_gmt":"2025-03-08T14:06:08","guid":{"rendered":"https:\/\/lapalmaisland.com\/fr\/?page_id=4769"},"modified":"2025-03-08T14:07:51","modified_gmt":"2025-03-08T14:07:51","slug":"taxi-transfer-la-palma","status":"publish","type":"page","link":"https:\/\/lapalmaisland.com\/fr\/taxi-transfer-la-palma\/","title":{"rendered":"Taxi Transfer La Palma"},"content":{"rendered":"\n<div class=\"wp-block-columns is-layout-flex wp-container-core-columns-is-layout-28f84493 wp-block-columns-is-layout-flex\">\n<div class=\"wp-block-column is-layout-flow wp-block-column-is-layout-flow\"><form id=\"solicitudTaxi\">\r\n    <input type=\"hidden\" id=\"tipo_servicio\" value=\"transfer\">\r\n    <input type=\"hidden\" id=\"tarifa_km\" value=\"\">\r\n    \r\n        \r\n    <!-- Paso 1: Fecha y Hora -->\r\n    <div class=\"campo-formulario\">\r\n        <label for=\"fecha\">\r\n            <span class=\"label-text\">\r\n                S\u00e9lectionnez un jour :            <\/span>\r\n        <\/label>\r\n        <input type=\"text\" id=\"fecha\" placeholder=\"S\u00e9lectionner une date\" required>\r\n        <input type=\"hidden\" id=\"fecha_completa\" name=\"fecha_completa\" \/>\r\n    <\/div>\r\n\r\n            <div class=\"campo-formulario\">\r\n            <label for=\"hora\">\r\n                <span class=\"label-text\">Heure de prise en charge :<\/span>\r\n            <\/label>\r\n            <input type=\"text\" id=\"hora\" placeholder=\"S\u00e9lectionnez une heure\" required>\r\n        <\/div>\r\n    \r\n    <!-- Paso 2: N\u00famero de pasajeros -->\r\n    <div class=\"campo-formulario\">\r\n        <label for=\"pasajeros\">\r\n            <span class=\"label-text\">Nombre de passagers :<\/span>\r\n        <\/label>\r\n        <div class=\"custom-number-input\">\r\n            <button type=\"button\" class=\"number-control\" id=\"decreasePasajeros\">-<\/button>\r\n            <input type=\"text\" \r\n                   id=\"pasajeros\" \r\n                   name=\"num_pasajeros\"\r\n                   pattern=\"[0-9]*\"\r\n                   inputmode=\"numeric\"\r\n                   readonly\r\n                   value=\"1\"\r\n                   min=\"1\" \r\n                   max=\"16\" \r\n                   required>\r\n            <button type=\"button\" class=\"number-control\" id=\"increasePasajeros\">+<\/button>\r\n        <\/div>\r\n    <\/div>\r\n    \r\n    <!-- Paso 3: Selecci\u00f3n de Isla -->\r\n    <div class=\"campo-formulario\">\r\n        <label for=\"isla\">\r\n            <span class=\"label-text\">S\u00e9lectionnez une \u00eele :<\/span>\r\n        <\/label>\r\n        <select id=\"isla\" name=\"isla\" required>\r\n            <option value=\"\">S\u00e9lectionnez une \u00eele<\/option>\r\n        <\/select>\r\n    <\/div>\r\n\r\n    <!-- Paso 4: Selecci\u00f3n de Municipio -->\r\n    <div class=\"campo-formulario\">\r\n        <label for=\"municipio\">\r\n            <span class=\"label-text\">Commune de d\u00e9part :<\/span>\r\n        <\/label>\r\n        <select id=\"municipio\" name=\"municipio\" required>\r\n            <option value=\"\">S\u00e9lectionnez une commune<\/option>\r\n        <\/select>\r\n    <\/div>\r\n    \r\n    <!-- Campo \"Desde\" (origen) -->\r\n    <div class=\"campo-formulario\">\r\n        <label for=\"direccion_origen\">\r\n            <span class=\"label-text\">Adresse compl\u00e8te<\/span>\r\n        <\/label>\r\n        <input type=\"text\" id=\"direccion_origen\" name=\"direccion_origen\" placeholder=\"Entrez votre adresse de d\u00e9part ou cochez la case\" required>\r\n    <\/div>\r\n    \r\n    <!-- Opci\u00f3n de compartir ubicaci\u00f3n -->\r\n    <div class=\"campo-formulario ubicacion-alternativa\">\r\n        <label class=\"geoloc-label\">\r\n            Vous ne connaissez pas l\u2019adresse ? Cochez la case pour partager votre localisation avec le chauffeur de taxi.            <input type=\"checkbox\" id=\"compartirUbicacion\">\r\n        <\/label>\r\n    <\/div>\r\n\r\n    \r\n        \r\n                    <!-- Si NO hay destino predefinido, mostramos el campo normal -->\r\n            <div class=\"campo-formulario\" id=\"campo-destino\">\r\n                <label for=\"direccion_destino\">\r\n                    <span class=\"label-text\">Destination<\/span>\r\n                <\/label>\r\n                <div class=\"destination-wrapper\">\r\n                    <input type=\"text\"\r\n                           id=\"direccion_destino\"\r\n                           name=\"direccion_destino\"\r\n                           placeholder=\"Entrez votre destination\"\r\n                           value=\"\"\r\n                           required>\r\n                <\/div>\r\n\r\n                <div id=\"precio_estimado\" class=\"precio-estimado\" style=\"display: none;\">\r\n                    <p>Distance estim\u00e9e : <span id=\"distancia_calculada\">0<\/span> km<\/p>\r\n                    <p>Prix estim\u00e9 : \u20ac<span id=\"precio_calculado\">0<\/span><\/p>\r\n                <\/div>\r\n            <\/div>\r\n        \r\n        <!-- Campos hidden de fallback de coordenadas (para transfer) -->\r\n        <input type=\"hidden\" id=\"destino_lat\" value=\"\">\r\n        <input type=\"hidden\" id=\"destino_lng\" value=\"\">\r\n\r\n    \r\n    <!-- Bot\u00f3n de b\u00fasqueda -->\r\n    <div class=\"campo-formulario\">\r\n        <button type=\"button\" id=\"buscarTaxi\" onclick=\"buscarTaxistas()\">Rechercher un taxi<\/button>\r\n    <\/div>\r\n\r\n    <!-- Resultados -->\r\n    <div id=\"resultadoTotal\" style=\"display: none;\"><\/div>\r\n    <div id=\"taxistas\" style=\"display: none;\">\r\n        <p><b>Chauffeurs de taxi disponibles :<\/b><\/p>\r\n        <div id=\"listaTaxistas\"><\/div>\r\n    <\/div>\r\n<\/form>\r\n\n<\/div>\n<\/div>\n","protected":false},"excerpt":{"rendered":"","protected":false},"author":1,"featured_media":0,"parent":0,"menu_order":0,"comment_status":"closed","ping_status":"closed","template":"","meta":{"_uag_custom_page_level_css":"","site-sidebar-layout":"default","site-content-layout":"","ast-site-content-layout":"default","site-content-style":"default","site-sidebar-style":"default","ast-global-header-display":"","ast-banner-title-visibility":"","ast-main-header-display":"","ast-hfb-above-header-display":"","ast-hfb-below-header-display":"","ast-hfb-mobile-header-display":"","site-post-title":"","ast-breadcrumbs-content":"","ast-featured-img":"","footer-sml-layout":"","ast-disable-related-posts":"","theme-transparent-header-meta":"","adv-header-id-meta":"","stick-header-meta":"","header-above-stick-meta":"","header-main-stick-meta":"","header-below-stick-meta":"","astra-migrate-meta-layouts":"set","ast-page-background-enabled":"default","ast-page-background-meta":{"desktop":{"background-color":"var(--ast-global-color-4)","background-image":"","background-repeat":"repeat","background-position":"center center","background-size":"auto","background-attachment":"scroll","background-type":"","background-media":"","overlay-type":"","overlay-color":"","overlay-opacity":"","overlay-gradient":""},"tablet":{"background-color":"","background-image":"","background-repeat":"repeat","background-position":"center center","background-size":"auto","background-attachment":"scroll","background-type":"","background-media":"","overlay-type":"","overlay-color":"","overlay-opacity":"","overlay-gradient":""},"mobile":{"background-color":"","background-image":"","background-repeat":"repeat","background-position":"center center","background-size":"auto","background-attachment":"scroll","background-type":"","background-media":"","overlay-type":"","overlay-color":"","overlay-opacity":"","overlay-gradient":""}},"ast-content-background-meta":{"desktop":{"background-color":"var(--ast-global-color-5)","background-image":"","background-repeat":"repeat","background-position":"center center","background-size":"auto","background-attachment":"scroll","background-type":"","background-media":"","overlay-type":"","overlay-color":"","overlay-opacity":"","overlay-gradient":""},"tablet":{"background-color":"var(--ast-global-color-5)","background-image":"","background-repeat":"repeat","background-position":"center center","background-size":"auto","background-attachment":"scroll","background-type":"","background-media":"","overlay-type":"","overlay-color":"","overlay-opacity":"","overlay-gradient":""},"mobile":{"background-color":"var(--ast-global-color-5)","background-image":"","background-repeat":"repeat","background-position":"center center","background-size":"auto","background-attachment":"scroll","background-type":"","background-media":"","overlay-type":"","overlay-color":"","overlay-opacity":"","overlay-gradient":""}},"_mc_calendar":[],"footnotes":""},"class_list":["post-4769","page","type-page","status-publish","hentry"],"yoast_head":"<!-- This site is optimized with the Yoast SEO plugin v27.4 - https:\/\/yoast.com\/product\/yoast-seo-wordpress\/ -->\n<title>Taxi Transfer La Palma - La Palma \u00cele<\/title>\n<meta name=\"robots\" content=\"index, follow, max-snippet:-1, max-image-preview:large, max-video-preview:-1\" \/>\n<link rel=\"canonical\" href=\"https:\/\/lapalmaisland.com\/fr\/taxi-transfer-la-palma\/\" \/>\n<meta property=\"og:locale\" content=\"fr_FR\" \/>\n<meta property=\"og:type\" content=\"article\" \/>\n<meta property=\"og:title\" content=\"Taxi Transfer La Palma - La Palma \u00cele\" \/>\n<meta property=\"og:url\" content=\"https:\/\/lapalmaisland.com\/fr\/taxi-transfer-la-palma\/\" \/>\n<meta property=\"og:site_name\" content=\"La Palma \u00cele\" \/>\n<meta property=\"article:modified_time\" content=\"2025-03-08T14:07:51+00:00\" \/>\n<meta name=\"twitter:card\" content=\"summary_large_image\" \/>\n<meta name=\"twitter:label1\" content=\"Dur\u00e9e de lecture estim\u00e9e\" \/>\n\t<meta name=\"twitter:data1\" content=\"1 minute\" \/>\n<script type=\"application\/ld+json\" class=\"yoast-schema-graph\">{\"@context\":\"https:\\\/\\\/schema.org\",\"@graph\":[{\"@type\":\"WebPage\",\"@id\":\"https:\\\/\\\/lapalmaisland.com\\\/fr\\\/taxi-transfer-la-palma\\\/\",\"url\":\"https:\\\/\\\/lapalmaisland.com\\\/fr\\\/taxi-transfer-la-palma\\\/\",\"name\":\"Taxi Transfer La Palma - La Palma \u00cele\",\"isPartOf\":{\"@id\":\"https:\\\/\\\/lapalmaisland.com\\\/fr\\\/#website\"},\"datePublished\":\"2025-03-08T14:06:08+00:00\",\"dateModified\":\"2025-03-08T14:07:51+00:00\",\"breadcrumb\":{\"@id\":\"https:\\\/\\\/lapalmaisland.com\\\/fr\\\/taxi-transfer-la-palma\\\/#breadcrumb\"},\"inLanguage\":\"fr-FR\",\"potentialAction\":[{\"@type\":\"ReadAction\",\"target\":[\"https:\\\/\\\/lapalmaisland.com\\\/fr\\\/taxi-transfer-la-palma\\\/\"]}]},{\"@type\":\"BreadcrumbList\",\"@id\":\"https:\\\/\\\/lapalmaisland.com\\\/fr\\\/taxi-transfer-la-palma\\\/#breadcrumb\",\"itemListElement\":[{\"@type\":\"ListItem\",\"position\":1,\"name\":\"Portada\",\"item\":\"https:\\\/\\\/lapalmaisland.com\\\/fr\\\/\"},{\"@type\":\"ListItem\",\"position\":2,\"name\":\"Taxi Transfer La Palma\"}]},{\"@type\":\"WebSite\",\"@id\":\"https:\\\/\\\/lapalmaisland.com\\\/fr\\\/#website\",\"url\":\"https:\\\/\\\/lapalmaisland.com\\\/fr\\\/\",\"name\":\"La Palma \u00cele\",\"description\":\"D\u00e9couvrez l&#039;\u00eele fascinante de La Palma : informations \u00e0 jour, guide touristique et activit\u00e9s pour une exp\u00e9rience inoubliable.\",\"publisher\":{\"@id\":\"https:\\\/\\\/lapalmaisland.com\\\/fr\\\/#organization\"},\"potentialAction\":[{\"@type\":\"SearchAction\",\"target\":{\"@type\":\"EntryPoint\",\"urlTemplate\":\"https:\\\/\\\/lapalmaisland.com\\\/fr\\\/?s={search_term_string}\"},\"query-input\":{\"@type\":\"PropertyValueSpecification\",\"valueRequired\":true,\"valueName\":\"search_term_string\"}}],\"inLanguage\":\"fr-FR\"},{\"@type\":\"Organization\",\"@id\":\"https:\\\/\\\/lapalmaisland.com\\\/fr\\\/#organization\",\"name\":\"La Palma \u00cele\",\"url\":\"https:\\\/\\\/lapalmaisland.com\\\/fr\\\/\",\"logo\":{\"@type\":\"ImageObject\",\"inLanguage\":\"fr-FR\",\"@id\":\"https:\\\/\\\/lapalmaisland.com\\\/fr\\\/#\\\/schema\\\/logo\\\/image\\\/\",\"url\":\"https:\\\/\\\/lapalmaisland.com\\\/fr\\\/wp-content\\\/uploads\\\/sites\\\/4\\\/2023\\\/11\\\/cropped-cropped-cropped-La-palma-island.png\",\"contentUrl\":\"https:\\\/\\\/lapalmaisland.com\\\/fr\\\/wp-content\\\/uploads\\\/sites\\\/4\\\/2023\\\/11\\\/cropped-cropped-cropped-La-palma-island.png\",\"width\":180,\"height\":60,\"caption\":\"La Palma \u00cele\"},\"image\":{\"@id\":\"https:\\\/\\\/lapalmaisland.com\\\/fr\\\/#\\\/schema\\\/logo\\\/image\\\/\"}}]}<\/script>\n<!-- \/ Yoast SEO plugin. -->","yoast_head_json":{"title":"Taxi Transfer La Palma - La Palma \u00cele","robots":{"index":"index","follow":"follow","max-snippet":"max-snippet:-1","max-image-preview":"max-image-preview:large","max-video-preview":"max-video-preview:-1"},"canonical":"https:\/\/lapalmaisland.com\/fr\/taxi-transfer-la-palma\/","og_locale":"fr_FR","og_type":"article","og_title":"Taxi Transfer La Palma - La Palma \u00cele","og_url":"https:\/\/lapalmaisland.com\/fr\/taxi-transfer-la-palma\/","og_site_name":"La Palma \u00cele","article_modified_time":"2025-03-08T14:07:51+00:00","twitter_card":"summary_large_image","twitter_misc":{"Dur\u00e9e de lecture estim\u00e9e":"1 minute"},"schema":{"@context":"https:\/\/schema.org","@graph":[{"@type":"WebPage","@id":"https:\/\/lapalmaisland.com\/fr\/taxi-transfer-la-palma\/","url":"https:\/\/lapalmaisland.com\/fr\/taxi-transfer-la-palma\/","name":"Taxi Transfer La Palma - La Palma \u00cele","isPartOf":{"@id":"https:\/\/lapalmaisland.com\/fr\/#website"},"datePublished":"2025-03-08T14:06:08+00:00","dateModified":"2025-03-08T14:07:51+00:00","breadcrumb":{"@id":"https:\/\/lapalmaisland.com\/fr\/taxi-transfer-la-palma\/#breadcrumb"},"inLanguage":"fr-FR","potentialAction":[{"@type":"ReadAction","target":["https:\/\/lapalmaisland.com\/fr\/taxi-transfer-la-palma\/"]}]},{"@type":"BreadcrumbList","@id":"https:\/\/lapalmaisland.com\/fr\/taxi-transfer-la-palma\/#breadcrumb","itemListElement":[{"@type":"ListItem","position":1,"name":"Portada","item":"https:\/\/lapalmaisland.com\/fr\/"},{"@type":"ListItem","position":2,"name":"Taxi Transfer La Palma"}]},{"@type":"WebSite","@id":"https:\/\/lapalmaisland.com\/fr\/#website","url":"https:\/\/lapalmaisland.com\/fr\/","name":"La Palma \u00cele","description":"D\u00e9couvrez l&#039;\u00eele fascinante de La Palma : informations \u00e0 jour, guide touristique et activit\u00e9s pour une exp\u00e9rience inoubliable.","publisher":{"@id":"https:\/\/lapalmaisland.com\/fr\/#organization"},"potentialAction":[{"@type":"SearchAction","target":{"@type":"EntryPoint","urlTemplate":"https:\/\/lapalmaisland.com\/fr\/?s={search_term_string}"},"query-input":{"@type":"PropertyValueSpecification","valueRequired":true,"valueName":"search_term_string"}}],"inLanguage":"fr-FR"},{"@type":"Organization","@id":"https:\/\/lapalmaisland.com\/fr\/#organization","name":"La Palma \u00cele","url":"https:\/\/lapalmaisland.com\/fr\/","logo":{"@type":"ImageObject","inLanguage":"fr-FR","@id":"https:\/\/lapalmaisland.com\/fr\/#\/schema\/logo\/image\/","url":"https:\/\/lapalmaisland.com\/fr\/wp-content\/uploads\/sites\/4\/2023\/11\/cropped-cropped-cropped-La-palma-island.png","contentUrl":"https:\/\/lapalmaisland.com\/fr\/wp-content\/uploads\/sites\/4\/2023\/11\/cropped-cropped-cropped-La-palma-island.png","width":180,"height":60,"caption":"La Palma \u00cele"},"image":{"@id":"https:\/\/lapalmaisland.com\/fr\/#\/schema\/logo\/image\/"}}]}},"uagb_featured_image_src":{"full":false,"thumbnail":false,"medium":false,"medium_large":false,"large":false,"1536x1536":false,"2048x2048":false},"uagb_author_info":{"display_name":"La Palma island","author_link":"https:\/\/lapalmaisland.com\/fr\/author\/alewebtenerife\/"},"uagb_comment_info":0,"uagb_excerpt":null,"_links":{"self":[{"href":"https:\/\/lapalmaisland.com\/fr\/wp-json\/wp\/v2\/pages\/4769","targetHints":{"allow":["GET"]}}],"collection":[{"href":"https:\/\/lapalmaisland.com\/fr\/wp-json\/wp\/v2\/pages"}],"about":[{"href":"https:\/\/lapalmaisland.com\/fr\/wp-json\/wp\/v2\/types\/page"}],"author":[{"embeddable":true,"href":"https:\/\/lapalmaisland.com\/fr\/wp-json\/wp\/v2\/users\/1"}],"replies":[{"embeddable":true,"href":"https:\/\/lapalmaisland.com\/fr\/wp-json\/wp\/v2\/comments?post=4769"}],"version-history":[{"count":1,"href":"https:\/\/lapalmaisland.com\/fr\/wp-json\/wp\/v2\/pages\/4769\/revisions"}],"predecessor-version":[{"id":4770,"href":"https:\/\/lapalmaisland.com\/fr\/wp-json\/wp\/v2\/pages\/4769\/revisions\/4770"}],"wp:attachment":[{"href":"https:\/\/lapalmaisland.com\/fr\/wp-json\/wp\/v2\/media?parent=4769"}],"curies":[{"name":"wp","href":"https:\/\/api.w.org\/{rel}","templated":true}]}}